{"id":442,"date":"2018-11-22T18:43:23","date_gmt":"2018-11-22T16:43:23","guid":{"rendered":"http:\/\/avaluacio-ctic-test.recursos.uoc.edu\/?page_id=442"},"modified":"2019-01-02T12:55:11","modified_gmt":"2019-01-02T10:55:11","slug":"2-4-lequip","status":"publish","type":"page","link":"http:\/\/avaluacio-ctic-test.recursos.uoc.edu\/index.php\/2-4-lequip\/","title":{"rendered":"2.4. L\u2019equip"},"content":{"rendered":"<p>L\u2019equip tamb\u00e9 participa com a agent en l\u2019avaluaci\u00f3. A partir de la PAC2, cada equip fa una valoraci\u00f3 en la <strong>web grupal <\/strong>de la primera experi\u00e8ncia com a equip de treball virtual, en la qual es destaquen les dificultats amb qu\u00e8 s\u2019han trobat, els aspectes que mantindrien i els que canviarien per a poder agilitar el treball i optimitzar el funcionament de l\u2019equip.<\/p>\n<p>Sobre la base de la valoraci\u00f3 i de la reflexi\u00f3 que duu a terme cada membre de l\u2019equip (de l\u2019actitud c\u00edvica de la resta de membres del grup, del grau de compliment dels acords inicials i, si cal, dels reajustaments que s\u2019han de fer en la planificaci\u00f3 inicial) es fa un document que es desenvolupa de manera col\u00b7laborativa a Google Drive:<\/p>\n<figure id=\"attachment_48\" aria-describedby=\"caption-attachment-48\" style=\"width: 1223px\" class=\"wp-caption aligncenter\"><a href=\"\/wp-content\/uploads\/2018\/11\/25-2.3._01_revisoplanificacio.png\"><img loading=\"lazy\" class=\"wp-image-48 size-full\" src=\"\/wp-content\/uploads\/2018\/11\/25-2.3._01_revisoplanificacio.png\" alt=\"\" width=\"1223\" height=\"794\" srcset=\"\/wp-content\/uploads\/2018\/11\/25-2.3._01_revisoplanificacio.png 1223w, \/wp-content\/uploads\/2018\/11\/25-2.3._01_revisoplanificacio-300x195.png 300w, \/wp-content\/uploads\/2018\/11\/25-2.3._01_revisoplanificacio-768x499.png 768w, \/wp-content\/uploads\/2018\/11\/25-2.3._01_revisoplanificacio-1024x665.png 1024w\" sizes=\"(max-width: 1223px) 100vw, 1223px\" \/><\/a><figcaption id=\"caption-attachment-48\" class=\"wp-caption-text\">Figura 23. Revisi\u00f3 de la planificaci\u00f3 grupal en la PAC3, sense canvis<\/figcaption><\/figure>\n<figure id=\"attachment_49\" aria-describedby=\"caption-attachment-49\" style=\"width: 1198px\" class=\"wp-caption aligncenter\"><a href=\"\/wp-content\/uploads\/2018\/11\/26-2.3_02_revisioplanificacio2.png\"><img loading=\"lazy\" class=\"wp-image-49 size-full\" src=\"\/wp-content\/uploads\/2018\/11\/26-2.3_02_revisioplanificacio2.png\" alt=\"\" width=\"1198\" height=\"729\" srcset=\"\/wp-content\/uploads\/2018\/11\/26-2.3_02_revisioplanificacio2.png 1198w, \/wp-content\/uploads\/2018\/11\/26-2.3_02_revisioplanificacio2-300x183.png 300w, \/wp-content\/uploads\/2018\/11\/26-2.3_02_revisioplanificacio2-768x467.png 768w, \/wp-content\/uploads\/2018\/11\/26-2.3_02_revisioplanificacio2-1024x623.png 1024w\" sizes=\"(max-width: 1198px) 100vw, 1198px\" \/><\/a><figcaption id=\"caption-attachment-49\" class=\"wp-caption-text\">Figura 24. Revisi\u00f3 de la planificaci\u00f3 grupal en la PAC3, que implica canvis<\/figcaption><\/figure>\n<figure id=\"attachment_50\" aria-describedby=\"caption-attachment-50\" style=\"width: 1208px\" class=\"wp-caption aligncenter\"><a href=\"\/wp-content\/uploads\/2018\/11\/27-2.3_03_revisioplanif3.png\"><img loading=\"lazy\" class=\"wp-image-50 size-full\" src=\"\/wp-content\/uploads\/2018\/11\/27-2.3_03_revisioplanif3.png\" alt=\"\" width=\"1208\" height=\"781\" srcset=\"\/wp-content\/uploads\/2018\/11\/27-2.3_03_revisioplanif3.png 1208w, \/wp-content\/uploads\/2018\/11\/27-2.3_03_revisioplanif3-300x194.png 300w, \/wp-content\/uploads\/2018\/11\/27-2.3_03_revisioplanif3-768x497.png 768w, \/wp-content\/uploads\/2018\/11\/27-2.3_03_revisioplanif3-1024x662.png 1024w\" sizes=\"(max-width: 1208px) 100vw, 1208px\" \/><\/a><figcaption id=\"caption-attachment-50\" class=\"wp-caption-text\">Figura 25. Canvis en la planificaci\u00f3 grupal inicial<\/figcaption><\/figure>\n<p>Finalment, en la presentaci\u00f3 del projecte a la resta de l\u2019aula, l\u2019equip ha de recollir una valoraci\u00f3 del treball en equip feta al llarg de l\u2019assignatura. Aix\u00ed, doncs, en aquesta \u00faltima fase es fa una revisi\u00f3 i una valoraci\u00f3 final del funcionament de l\u2019equip; aix\u00f2 vol dir que l\u2019equip no s\u2019ha de referir exclusivament a la pr\u00e0ctica final, sin\u00f3 que ha d\u2019ampliar-ne l\u2019abast al conjunt del proc\u00e9s.<\/p>\n<p>El desenvolupament d\u2019aquesta activitat es duu a terme de manera col\u00b7laborativa a Google Drive, encara que la presentaci\u00f3 es far\u00e0 en l\u2019espai de debat de la Pr\u00e0ctica Final:<\/p>\n<figure id=\"attachment_51\" aria-describedby=\"caption-attachment-51\" style=\"width: 1191px\" class=\"wp-caption aligncenter\"><a href=\"\/wp-content\/uploads\/2018\/11\/28-2.3_04_presentaciodrive.png\"><img loading=\"lazy\" class=\"wp-image-51 size-full\" src=\"\/wp-content\/uploads\/2018\/11\/28-2.3_04_presentaciodrive.png\" alt=\"\" width=\"1191\" height=\"775\" srcset=\"\/wp-content\/uploads\/2018\/11\/28-2.3_04_presentaciodrive.png 1191w, \/wp-content\/uploads\/2018\/11\/28-2.3_04_presentaciodrive-300x195.png 300w, \/wp-content\/uploads\/2018\/11\/28-2.3_04_presentaciodrive-768x500.png 768w, \/wp-content\/uploads\/2018\/11\/28-2.3_04_presentaciodrive-1024x666.png 1024w\" sizes=\"(max-width: 1191px) 100vw, 1191px\" \/><\/a><figcaption id=\"caption-attachment-51\" class=\"wp-caption-text\">Figura 26. Desenvolupament de l\u2019activitat de presentaci\u00f3 del projecte a l\u2019aula<\/figcaption><\/figure>\n<figure id=\"attachment_52\" aria-describedby=\"caption-attachment-52\" style=\"width: 1269px\" class=\"wp-caption aligncenter\"><a href=\"\/wp-content\/uploads\/2018\/11\/29-2.3_05_presentadebat.png\"><img loading=\"lazy\" class=\"wp-image-52 size-full\" src=\"\/wp-content\/uploads\/2018\/11\/29-2.3_05_presentadebat.png\" alt=\"\" width=\"1269\" height=\"831\" srcset=\"\/wp-content\/uploads\/2018\/11\/29-2.3_05_presentadebat.png 1269w, \/wp-content\/uploads\/2018\/11\/29-2.3_05_presentadebat-300x196.png 300w, \/wp-content\/uploads\/2018\/11\/29-2.3_05_presentadebat-768x503.png 768w, \/wp-content\/uploads\/2018\/11\/29-2.3_05_presentadebat-1024x671.png 1024w\" sizes=\"(max-width: 1269px) 100vw, 1269px\" \/><\/a><figcaption id=\"caption-attachment-52\" class=\"wp-caption-text\">Figura 27. Lliurament de l\u2019activitat de presentaci\u00f3 del projecte a l\u2019aula<\/figcaption><\/figure>\n","protected":false},"excerpt":{"rendered":"<p>L\u2019equip tamb\u00e9 participa com a agent en l\u2019avaluaci\u00f3. A partir de la PAC2, cada equip fa una valoraci\u00f3 en la web grupal de la primera experi\u00e8ncia com a equip de treball virtual, en la qual es destaquen les dificultats amb qu\u00e8 s\u2019han trobat, els aspectes que mantindrien i els que canviarien per a poder agilitar [&hellip;]<\/p>\n","protected":false},"author":1,"featured_media":0,"parent":0,"menu_order":0,"comment_status":"closed","ping_status":"closed","template":"","meta":[],"_links":{"self":[{"href":"http:\/\/avaluacio-ctic-test.recursos.uoc.edu\/index.php\/wp-json\/wp\/v2\/pages\/442"}],"collection":[{"href":"http:\/\/avaluacio-ctic-test.recursos.uoc.edu\/index.php\/wp-json\/wp\/v2\/pages"}],"about":[{"href":"http:\/\/avaluacio-ctic-test.recursos.uoc.edu\/index.php\/wp-json\/wp\/v2\/types\/page"}],"author":[{"embeddable":true,"href":"http:\/\/avaluacio-ctic-test.recursos.uoc.edu\/index.php\/wp-json\/wp\/v2\/users\/1"}],"replies":[{"embeddable":true,"href":"http:\/\/avaluacio-ctic-test.recursos.uoc.edu\/index.php\/wp-json\/wp\/v2\/comments?post=442"}],"version-history":[{"count":3,"href":"http:\/\/avaluacio-ctic-test.recursos.uoc.edu\/index.php\/wp-json\/wp\/v2\/pages\/442\/revisions"}],"predecessor-version":[{"id":527,"href":"http:\/\/avaluacio-ctic-test.recursos.uoc.edu\/index.php\/wp-json\/wp\/v2\/pages\/442\/revisions\/527"}],"wp:attachment":[{"href":"http:\/\/avaluacio-ctic-test.recursos.uoc.edu\/index.php\/wp-json\/wp\/v2\/media?parent=442"}],"curies":[{"name":"wp","href":"https:\/\/api.w.org\/{rel}","templated":true}]}}