{"id":440,"date":"2018-11-22T18:36:52","date_gmt":"2018-11-22T16:36:52","guid":{"rendered":"http:\/\/avaluacio-ctic-test.recursos.uoc.edu\/?page_id=440"},"modified":"2019-01-02T12:54:00","modified_gmt":"2019-01-02T10:54:00","slug":"2-3-5-valoracio-del-projecte-dun-altre-equip","status":"publish","type":"page","link":"http:\/\/avaluacio-ctic-test.recursos.uoc.edu\/index.php\/2-3-5-valoracio-del-projecte-dun-altre-equip\/","title":{"rendered":"2.3.5. Valoraci\u00f3 del projecte d\u2019un altre equip"},"content":{"rendered":"<p>Una vegada finalitzats els projectes en la Pr\u00e0ctica Final, cada grup presenta el projecte digital en equip realitzat mitjan\u00e7ant un missatge en l\u2019espai de debat de la Pr\u00e0ctica Final:<\/p>\n<figure id=\"attachment_45\" aria-describedby=\"caption-attachment-45\" style=\"width: 1274px\" class=\"wp-caption aligncenter\"><a href=\"\/wp-content\/uploads\/2018\/11\/22-2.2.4_01_presntaciodebat.png\"><img loading=\"lazy\" class=\"wp-image-45 size-full\" src=\"\/wp-content\/uploads\/2018\/11\/22-2.2.4_01_presntaciodebat.png\" alt=\"\" width=\"1274\" height=\"843\" srcset=\"\/wp-content\/uploads\/2018\/11\/22-2.2.4_01_presntaciodebat.png 1274w, \/wp-content\/uploads\/2018\/11\/22-2.2.4_01_presntaciodebat-300x199.png 300w, \/wp-content\/uploads\/2018\/11\/22-2.2.4_01_presntaciodebat-768x508.png 768w, \/wp-content\/uploads\/2018\/11\/22-2.2.4_01_presntaciodebat-1024x678.png 1024w\" sizes=\"(max-width: 1274px) 100vw, 1274px\" \/><\/a><figcaption id=\"caption-attachment-45\" class=\"wp-caption-text\">Figura 20. Missatge de presentaci\u00f3 del projecte digital en equip en el debat de la Pr\u00e0ctica Final<\/figcaption><\/figure>\n<p>El docent assigna un projecte de manera individual a cada estudiant perqu\u00e8 en faci una lectura i una valoraci\u00f3. <strong>Cada estudiant haur\u00e0 de valorar el projecte assignat<\/strong>, enviant un missatge a l\u2019espai de debat, de manera que l\u2019estudiant <strong>dugui a terme una reflexi\u00f3 tant del proc\u00e9s com del resultat obtingut en el projecte valorat<\/strong>. En la valoraci\u00f3, els estudiants han de tenir en compte:<\/p>\n<ul>\n<li>Grau d\u2019inter\u00e8s i de pertinen\u00e7a al tema del projecte.<\/li>\n<li>Qualitat en l\u2019elaboraci\u00f3 i la redacci\u00f3 de la informaci\u00f3.<\/li>\n<li>Aplicabilitat del contingut, \u00e9s a dir, si es tracta d\u2019un projecte te\u00f2ric o que pot servir per a alguna cosa en concret.<\/li>\n<li>Presentaci\u00f3\/format: estructura general del projecte i navegaci\u00f3. Aspectes visuals i recursos utilitzats.<\/li>\n<li>Valoraci\u00f3\/comentari del proc\u00e9s seguit, en funci\u00f3 d\u2019on es posa l\u2019accent en el missatge de presentaci\u00f3 del grup, i responent si es creuen oportunes totes o algunes de les preguntes plantejades.<\/li>\n<li>Tamb\u00e9 han de formular dubtes o preguntes, suggeriments o propostes, etc., en relaci\u00f3 amb els continguts, format o proc\u00e9s, i respondre les preguntes plantejades en la presentaci\u00f3 del grup del qual s\u00f3n lectors.<\/li>\n<\/ul>\n<figure id=\"attachment_46\" aria-describedby=\"caption-attachment-46\" style=\"width: 1271px\" class=\"wp-caption aligncenter\"><a href=\"\/wp-content\/uploads\/2018\/11\/23-2.2.4_02_valoraciodebat.png\"><img loading=\"lazy\" class=\"wp-image-46 size-full\" src=\"\/wp-content\/uploads\/2018\/11\/23-2.2.4_02_valoraciodebat.png\" alt=\"\" width=\"1271\" height=\"832\" srcset=\"\/wp-content\/uploads\/2018\/11\/23-2.2.4_02_valoraciodebat.png 1271w, \/wp-content\/uploads\/2018\/11\/23-2.2.4_02_valoraciodebat-300x196.png 300w, \/wp-content\/uploads\/2018\/11\/23-2.2.4_02_valoraciodebat-768x503.png 768w, \/wp-content\/uploads\/2018\/11\/23-2.2.4_02_valoraciodebat-1024x670.png 1024w\" sizes=\"(max-width: 1271px) 100vw, 1271px\" \/><\/a><figcaption id=\"caption-attachment-46\" class=\"wp-caption-text\">Figura 21. Missatge de valoraci\u00f3 del projecte assignat en el debat de la Pr\u00e0ctica Final<\/figcaption><\/figure>\n<p>Una vegada rebudes la valoracions de tots els \u00ablectors\u00bb, cada grup dona una resposta:<\/p>\n<figure id=\"attachment_47\" aria-describedby=\"caption-attachment-47\" style=\"width: 1276px\" class=\"wp-caption aligncenter\"><a href=\"\/wp-content\/uploads\/2018\/11\/24-2.2.4_03_defensadebat.png\"><img loading=\"lazy\" class=\"wp-image-47 size-full\" src=\"\/wp-content\/uploads\/2018\/11\/24-2.2.4_03_defensadebat.png\" alt=\"\" width=\"1276\" height=\"843\" srcset=\"\/wp-content\/uploads\/2018\/11\/24-2.2.4_03_defensadebat.png 1276w, \/wp-content\/uploads\/2018\/11\/24-2.2.4_03_defensadebat-300x198.png 300w, \/wp-content\/uploads\/2018\/11\/24-2.2.4_03_defensadebat-768x507.png 768w, \/wp-content\/uploads\/2018\/11\/24-2.2.4_03_defensadebat-1024x677.png 1024w\" sizes=\"(max-width: 1276px) 100vw, 1276px\" \/><\/a><figcaption id=\"caption-attachment-47\" class=\"wp-caption-text\">Figura 22. Missatge de resposta a la valoraci\u00f3 en el debat de la Pr\u00e0ctica Final<\/figcaption><\/figure>\n<p>L\u2019objectiu d\u2019aquesta activitat no \u00e9s fer una cr\u00edtica dels companys de l\u2019aula i dels seus projectes, sin\u00f3 <strong>compartir amb la resta de l\u2019aula els treballs realitzats, amb la finalitat de generar coneixement, i que aquest sigui \u00fatil per a tots els membres de l\u2019aula<\/strong>. Cal tenir present que la valoraci\u00f3\/qualificaci\u00f3 final \u00e9s responsabilitat del docent. Per tant, el que es busca en aquesta activitat \u00e9s que els estudiants formulin preguntes i suggeriments sobre la tem\u00e0tica analitzada, \u00e9s a dir, que aquestes preguntes es basin en una <strong>an\u00e0lisi cr\u00edtica dels projectes<\/strong> i facin esment tant al contingut com al proc\u00e9s grupal seguit, aspecte en el qual es poden basar segons l\u2019experi\u00e8ncia que han tingut en el seu grup.<\/p>\n<p>Aquesta activitat ofereix als estudiants la possibilitat de veure els projectes des d\u2019una altra perspectiva. Es tracta d\u2019un proc\u00e9s en el qual els estudiants prenen consci\u00e8ncia del que han fet i els aspectes que poden millorar des de la mirada dels companys. \u00c9s per aix\u00f2 que com a activitats finals i de tancament de l\u2019assignatura, es proposen dues <strong>activitats individuals volunt\u00e0ries<\/strong>, una valoraci\u00f3 final del debat realitzat i les millores en el projecte digital en equip que es considerin necess\u00e0ries, aquesta vegada de manera individual, ja que no \u00e9s una activitat obligat\u00f2ria.<\/p>\n","protected":false},"excerpt":{"rendered":"<p>Una vegada finalitzats els projectes en la Pr\u00e0ctica Final, cada grup presenta el projecte digital en equip realitzat mitjan\u00e7ant un missatge en l\u2019espai de debat de la Pr\u00e0ctica Final: El docent assigna un projecte de manera individual a cada estudiant perqu\u00e8 en faci una lectura i una valoraci\u00f3. Cada estudiant haur\u00e0 de valorar el projecte [&hellip;]<\/p>\n","protected":false},"author":1,"featured_media":0,"parent":0,"menu_order":0,"comment_status":"closed","ping_status":"closed","template":"","meta":[],"_links":{"self":[{"href":"http:\/\/avaluacio-ctic-test.recursos.uoc.edu\/index.php\/wp-json\/wp\/v2\/pages\/440"}],"collection":[{"href":"http:\/\/avaluacio-ctic-test.recursos.uoc.edu\/index.php\/wp-json\/wp\/v2\/pages"}],"about":[{"href":"http:\/\/avaluacio-ctic-test.recursos.uoc.edu\/index.php\/wp-json\/wp\/v2\/types\/page"}],"author":[{"embeddable":true,"href":"http:\/\/avaluacio-ctic-test.recursos.uoc.edu\/index.php\/wp-json\/wp\/v2\/users\/1"}],"replies":[{"embeddable":true,"href":"http:\/\/avaluacio-ctic-test.recursos.uoc.edu\/index.php\/wp-json\/wp\/v2\/comments?post=440"}],"version-history":[{"count":2,"href":"http:\/\/avaluacio-ctic-test.recursos.uoc.edu\/index.php\/wp-json\/wp\/v2\/pages\/440\/revisions"}],"predecessor-version":[{"id":525,"href":"http:\/\/avaluacio-ctic-test.recursos.uoc.edu\/index.php\/wp-json\/wp\/v2\/pages\/440\/revisions\/525"}],"wp:attachment":[{"href":"http:\/\/avaluacio-ctic-test.recursos.uoc.edu\/index.php\/wp-json\/wp\/v2\/media?parent=440"}],"curies":[{"name":"wp","href":"https:\/\/api.w.org\/{rel}","templated":true}]}}