{"id":435,"date":"2018-11-22T18:29:01","date_gmt":"2018-11-22T16:29:01","guid":{"rendered":"http:\/\/avaluacio-ctic-test.recursos.uoc.edu\/?page_id=435"},"modified":"2019-01-02T12:52:49","modified_gmt":"2019-01-02T10:52:49","slug":"2-3-3-autoavaluacio","status":"publish","type":"page","link":"http:\/\/avaluacio-ctic-test.recursos.uoc.edu\/index.php\/2-3-3-autoavaluacio\/","title":{"rendered":"2.3.3. Autoavaluaci\u00f3"},"content":{"rendered":"<p>Amb l\u2019objectiu d\u2019afavorir la reflexi\u00f3 sobre el proc\u00e9s seguit en l\u2019assignatura, en la PAC3 l\u2019estudiant fa una <strong>autoavaluaci\u00f3<\/strong> mitjan\u00e7ant un <strong>formulari de Google<\/strong> que recull els seg\u00fcents aspectes:<\/p>\n<ul>\n<li>Les compet\u00e8ncies adquirides a llarg de les tres PAC.<\/li>\n<li>Una valoraci\u00f3 de la seva implicaci\u00f3 en el treball en equip al llarg de les tres PAC, pel que fa a la interacci\u00f3 amb la resta del grup, la gesti\u00f3 i l\u2019intercanvi de la informaci\u00f3, la planificaci\u00f3 i organitzaci\u00f3 i, finalment, l\u2019acompliment de les tasques, i les actituds.<\/li>\n<li>La qualificaci\u00f3 que es posaria l\u2019estudiant com a nota final de les tres PAC, argumentant la seva resposta.<\/li>\n<\/ul>\n<p>L\u2019\u00fas d\u2019aquesta aplicaci\u00f3 en l\u00ednia facilita al docent la recopilaci\u00f3 i posterior tractament de tota la informaci\u00f3. El pes d\u2019aquesta activitat en la qualificaci\u00f3 final \u00e9s relatiu, at\u00e8s que no \u00e9s decisiu en la valoraci\u00f3 final de l\u2019estudiant, per\u00f2 que pot ajudar el docent a perfilar la qualificaci\u00f3. Nom\u00e9s se n\u2019exigeix la realitzaci\u00f3 de manera obligat\u00f2ria.<\/p>\n<figure id=\"attachment_43\" aria-describedby=\"caption-attachment-43\" style=\"width: 920px\" class=\"wp-caption aligncenter\"><a href=\"\/wp-content\/uploads\/2018\/11\/20-2.2.2_01_autoavaluacio.png\"><img loading=\"lazy\" class=\"wp-image-43 size-full\" src=\"\/wp-content\/uploads\/2018\/11\/20-2.2.2_01_autoavaluacio.png\" alt=\"\" width=\"920\" height=\"817\" srcset=\"\/wp-content\/uploads\/2018\/11\/20-2.2.2_01_autoavaluacio.png 920w, \/wp-content\/uploads\/2018\/11\/20-2.2.2_01_autoavaluacio-300x266.png 300w, \/wp-content\/uploads\/2018\/11\/20-2.2.2_01_autoavaluacio-768x682.png 768w\" sizes=\"(max-width: 920px) 100vw, 920px\" \/><\/a><figcaption id=\"caption-attachment-43\" class=\"wp-caption-text\">Figura 18. Formulari d\u2019autoavaluaci\u00f3 de PAC3<\/figcaption><\/figure>\n","protected":false},"excerpt":{"rendered":"<p>Amb l\u2019objectiu d\u2019afavorir la reflexi\u00f3 sobre el proc\u00e9s seguit en l\u2019assignatura, en la PAC3 l\u2019estudiant fa una autoavaluaci\u00f3 mitjan\u00e7ant un formulari de Google que recull els seg\u00fcents aspectes: Les compet\u00e8ncies adquirides a llarg de les tres PAC. Una valoraci\u00f3 de la seva implicaci\u00f3 en el treball en equip al llarg de les tres PAC, pel [&hellip;]<\/p>\n","protected":false},"author":1,"featured_media":0,"parent":0,"menu_order":0,"comment_status":"closed","ping_status":"closed","template":"","meta":[],"_links":{"self":[{"href":"http:\/\/avaluacio-ctic-test.recursos.uoc.edu\/index.php\/wp-json\/wp\/v2\/pages\/435"}],"collection":[{"href":"http:\/\/avaluacio-ctic-test.recursos.uoc.edu\/index.php\/wp-json\/wp\/v2\/pages"}],"about":[{"href":"http:\/\/avaluacio-ctic-test.recursos.uoc.edu\/index.php\/wp-json\/wp\/v2\/types\/page"}],"author":[{"embeddable":true,"href":"http:\/\/avaluacio-ctic-test.recursos.uoc.edu\/index.php\/wp-json\/wp\/v2\/users\/1"}],"replies":[{"embeddable":true,"href":"http:\/\/avaluacio-ctic-test.recursos.uoc.edu\/index.php\/wp-json\/wp\/v2\/comments?post=435"}],"version-history":[{"count":2,"href":"http:\/\/avaluacio-ctic-test.recursos.uoc.edu\/index.php\/wp-json\/wp\/v2\/pages\/435\/revisions"}],"predecessor-version":[{"id":523,"href":"http:\/\/avaluacio-ctic-test.recursos.uoc.edu\/index.php\/wp-json\/wp\/v2\/pages\/435\/revisions\/523"}],"wp:attachment":[{"href":"http:\/\/avaluacio-ctic-test.recursos.uoc.edu\/index.php\/wp-json\/wp\/v2\/media?parent=435"}],"curies":[{"name":"wp","href":"https:\/\/api.w.org\/{rel}","templated":true}]}}