{"id":432,"date":"2018-11-22T18:23:37","date_gmt":"2018-11-22T16:23:37","guid":{"rendered":"http:\/\/avaluacio-ctic-test.recursos.uoc.edu\/?page_id=432"},"modified":"2019-01-02T12:52:25","modified_gmt":"2019-01-02T10:52:25","slug":"2-3-2-reflexio-en-equip","status":"publish","type":"page","link":"http:\/\/avaluacio-ctic-test.recursos.uoc.edu\/index.php\/2-3-2-reflexio-en-equip\/","title":{"rendered":"2.3.2. Reflexi\u00f3 en equip"},"content":{"rendered":"<p>Una vegada iniciada l\u2019activitat en equip, s\u2019anima els estudiants a reflexionar sobre la seva activitat, de tal manera que puguin modificar, si cal, els aspectes que s\u2019han de millorar. A m\u00e9s, aquesta reflexi\u00f3 permet al docent tenir m\u00e9s informaci\u00f3 en el moment de valorar l\u2019estudiant.<\/p>\n<p>La <strong>reflexi\u00f3 i la valoraci\u00f3 sobre l\u2019equip<\/strong> en l\u2019assignatura de CTIC s\u2019inicia com a activitat en finalitzar la<strong> PAC2<\/strong>, fent una <strong>an\u00e0lisi del seu treball en l\u2019equip<\/strong> i una <strong>revisi\u00f3 de la planificaci\u00f3<\/strong> que s\u2019ha lliurat en la PAC1, ja que es considera que \u00e9s un moment en el qual l\u2019estudiant coneix prou la din\u00e0mica i les compet\u00e8ncies de l\u2019assignatura, de manera que pot autoavaluar-se amb criteri.<\/p>\n<div class=\"featured featured-blue\"><p>Aquesta reflexi\u00f3 i valoraci\u00f3 tamb\u00e9 li pot permetre modificar i millorar la manera de treballar, amb la finalitat d\u2019afrontar amb \u00e8xit la Pr\u00e0ctica Final.<\/p>\n<\/div>\n<p>Vegem-ne alguns exemples:<\/p>\n<figure id=\"attachment_40\" aria-describedby=\"caption-attachment-40\" style=\"width: 1214px\" class=\"wp-caption aligncenter\"><a href=\"\/wp-content\/uploads\/2018\/11\/17-2.2.1_01_reflexio_PAC2.png\"><img loading=\"lazy\" class=\"wp-image-40 size-full\" src=\"\/wp-content\/uploads\/2018\/11\/17-2.2.1_01_reflexio_PAC2.png\" alt=\"\" width=\"1214\" height=\"452\" srcset=\"\/wp-content\/uploads\/2018\/11\/17-2.2.1_01_reflexio_PAC2.png 1214w, \/wp-content\/uploads\/2018\/11\/17-2.2.1_01_reflexio_PAC2-300x112.png 300w, \/wp-content\/uploads\/2018\/11\/17-2.2.1_01_reflexio_PAC2-768x286.png 768w, \/wp-content\/uploads\/2018\/11\/17-2.2.1_01_reflexio_PAC2-1024x381.png 1024w\" sizes=\"(max-width: 1214px) 100vw, 1214px\" \/><\/a><figcaption id=\"caption-attachment-40\" class=\"wp-caption-text\">Figura 15. Valoraci\u00f3 individual de l\u2019equip en la PAC2<\/figcaption><\/figure>\n<figure id=\"attachment_41\" aria-describedby=\"caption-attachment-41\" style=\"width: 1212px\" class=\"wp-caption aligncenter\"><a href=\"\/wp-content\/uploads\/2018\/11\/18-2.2.1_02_reflexio_PAC3.png\"><img loading=\"lazy\" class=\"wp-image-41 size-full\" src=\"\/wp-content\/uploads\/2018\/11\/18-2.2.1_02_reflexio_PAC3.png\" alt=\"\" width=\"1212\" height=\"565\" srcset=\"\/wp-content\/uploads\/2018\/11\/18-2.2.1_02_reflexio_PAC3.png 1212w, \/wp-content\/uploads\/2018\/11\/18-2.2.1_02_reflexio_PAC3-300x140.png 300w, \/wp-content\/uploads\/2018\/11\/18-2.2.1_02_reflexio_PAC3-768x358.png 768w, \/wp-content\/uploads\/2018\/11\/18-2.2.1_02_reflexio_PAC3-1024x477.png 1024w\" sizes=\"(max-width: 1212px) 100vw, 1212px\" \/><\/a><figcaption id=\"caption-attachment-41\" class=\"wp-caption-text\">Figura 16. Valoraci\u00f3 individual de l\u2019equip en la PAC3<\/figcaption><\/figure>\n<figure id=\"attachment_42\" aria-describedby=\"caption-attachment-42\" style=\"width: 1517px\" class=\"wp-caption alignnone\"><a href=\"\/wp-content\/uploads\/2018\/11\/19-2.2.1_03_reflexio_PF.png\"><img loading=\"lazy\" class=\"wp-image-42 size-full\" src=\"\/wp-content\/uploads\/2018\/11\/19-2.2.1_03_reflexio_PF.png\" alt=\"\" width=\"1517\" height=\"689\" srcset=\"\/wp-content\/uploads\/2018\/11\/19-2.2.1_03_reflexio_PF.png 1517w, \/wp-content\/uploads\/2018\/11\/19-2.2.1_03_reflexio_PF-300x136.png 300w, \/wp-content\/uploads\/2018\/11\/19-2.2.1_03_reflexio_PF-768x349.png 768w, \/wp-content\/uploads\/2018\/11\/19-2.2.1_03_reflexio_PF-1024x465.png 1024w\" sizes=\"(max-width: 1517px) 100vw, 1517px\" \/><\/a><figcaption id=\"caption-attachment-42\" class=\"wp-caption-text\">Figura 17. Valoraci\u00f3 individual de l\u2019equip en la Pr<\/figcaption><\/figure>\n","protected":false},"excerpt":{"rendered":"<p>Una vegada iniciada l\u2019activitat en equip, s\u2019anima els estudiants a reflexionar sobre la seva activitat, de tal manera que puguin modificar, si cal, els aspectes que s\u2019han de millorar. A m\u00e9s, aquesta reflexi\u00f3 permet al docent tenir m\u00e9s informaci\u00f3 en el moment de valorar l\u2019estudiant. La reflexi\u00f3 i la valoraci\u00f3 sobre l\u2019equip en l\u2019assignatura de [&hellip;]<\/p>\n","protected":false},"author":1,"featured_media":0,"parent":0,"menu_order":0,"comment_status":"closed","ping_status":"closed","template":"","meta":[],"_links":{"self":[{"href":"http:\/\/avaluacio-ctic-test.recursos.uoc.edu\/index.php\/wp-json\/wp\/v2\/pages\/432"}],"collection":[{"href":"http:\/\/avaluacio-ctic-test.recursos.uoc.edu\/index.php\/wp-json\/wp\/v2\/pages"}],"about":[{"href":"http:\/\/avaluacio-ctic-test.recursos.uoc.edu\/index.php\/wp-json\/wp\/v2\/types\/page"}],"author":[{"embeddable":true,"href":"http:\/\/avaluacio-ctic-test.recursos.uoc.edu\/index.php\/wp-json\/wp\/v2\/users\/1"}],"replies":[{"embeddable":true,"href":"http:\/\/avaluacio-ctic-test.recursos.uoc.edu\/index.php\/wp-json\/wp\/v2\/comments?post=432"}],"version-history":[{"count":5,"href":"http:\/\/avaluacio-ctic-test.recursos.uoc.edu\/index.php\/wp-json\/wp\/v2\/pages\/432\/revisions"}],"predecessor-version":[{"id":522,"href":"http:\/\/avaluacio-ctic-test.recursos.uoc.edu\/index.php\/wp-json\/wp\/v2\/pages\/432\/revisions\/522"}],"wp:attachment":[{"href":"http:\/\/avaluacio-ctic-test.recursos.uoc.edu\/index.php\/wp-json\/wp\/v2\/media?parent=432"}],"curies":[{"name":"wp","href":"https:\/\/api.w.org\/{rel}","templated":true}]}}