{"id":387,"date":"2018-11-22T14:07:20","date_gmt":"2018-11-22T12:07:20","guid":{"rendered":"http:\/\/avaluacio-ctic-test.recursos.uoc.edu\/?page_id=387"},"modified":"2019-01-02T11:54:18","modified_gmt":"2019-01-02T09:54:18","slug":"1-3-metodologia","status":"publish","type":"page","link":"http:\/\/avaluacio-ctic-test.recursos.uoc.edu\/index.php\/1-3-metodologia\/","title":{"rendered":"1.3. Metodologia"},"content":{"rendered":"<p>D\u2019acord amb la metodologia del <strong>treball per projectes<\/strong>, en funci\u00f3 de les <strong>compet\u00e8ncies<\/strong> que s\u2019han d\u2019aconseguir i del mitj\u00e0 en el qual es desenvolupa, el <strong>virtual<\/strong>, l\u2019assignatura de compet\u00e8ncies TIC es desplega en <strong>quatre fases<\/strong> vinculades entre elles: <strong>inici<\/strong>,<strong> estructuraci\u00f3<\/strong>,<strong> desenvolupament <\/strong>i<strong> tancament i difusi\u00f3<\/strong>.<\/p>\n<figure id=\"attachment_482\" aria-describedby=\"caption-attachment-482\" style=\"width: 524px\" class=\"wp-caption aligncenter\"><a href=\"\/wp-content\/uploads\/2018\/12\/m1065_05.jpg\"><img loading=\"lazy\" class=\"wp-image-482 size-full\" src=\"\/wp-content\/uploads\/2018\/12\/m1065_05.jpg\" alt=\"\" width=\"524\" height=\"682\" srcset=\"\/wp-content\/uploads\/2018\/12\/m1065_05.jpg 524w, \/wp-content\/uploads\/2018\/12\/m1065_05-230x300.jpg 230w\" sizes=\"(max-width: 524px) 100vw, 524px\" \/><\/a><figcaption id=\"caption-attachment-482\" class=\"wp-caption-text\">Figura 4. Fases del projecte digital en equip<\/figcaption><\/figure>\n<p>A m\u00e9s dels processos vinculats a cada fase, hi ha dos elements transversals que ajuden al desenvolupament del projecte digital en equip: <strong>la planificaci\u00f3 del treball en equip<\/strong> i <strong>la valoraci\u00f3 del proc\u00e9s<\/strong>.<\/p>\n<p>El seguiment d\u2019aquestes quatre fases porta a l\u2019elaboraci\u00f3 d\u2019un <strong>projecte digital en equip<\/strong>:<\/p>\n<ol>\n<li>La <strong>fase d\u2019inici<\/strong> proporciona l\u2019entorn per a crear els equips de treball i per a dur a terme les primeres cerques, per tal de concretar el tema del projecte.<\/li>\n<li>En el marc de la <strong>segona fase<\/strong>, s\u2019aprofundeix en la cerca d\u2019informaci\u00f3 per a estructurar el projecte.<\/li>\n<li>La <strong>tercera fase<\/strong> s\u2019orienta a desenvolupar el projecte, \u00e9s a dir, a tractar la informaci\u00f3 recollida i elaborar-la. Amb aquest pas s\u2019aconsegueix una primera versi\u00f3 del projecte.<\/li>\n<li>Finalment, en la<strong> quarta fase<\/strong> es fa el tancament i la difusi\u00f3 del projecte, compartint i discutint amb els companys de l\u2019aula la versi\u00f3 definitiva.<\/li>\n<\/ol>\n","protected":false},"excerpt":{"rendered":"<p>D\u2019acord amb la metodologia del treball per projectes, en funci\u00f3 de les compet\u00e8ncies que s\u2019han d\u2019aconseguir i del mitj\u00e0 en el qual es desenvolupa, el virtual, l\u2019assignatura de compet\u00e8ncies TIC es desplega en quatre fases vinculades entre elles: inici, estructuraci\u00f3, desenvolupament i tancament i difusi\u00f3. A m\u00e9s dels processos vinculats a cada fase, hi ha [&hellip;]<\/p>\n","protected":false},"author":1,"featured_media":0,"parent":0,"menu_order":0,"comment_status":"closed","ping_status":"closed","template":"","meta":[],"_links":{"self":[{"href":"http:\/\/avaluacio-ctic-test.recursos.uoc.edu\/index.php\/wp-json\/wp\/v2\/pages\/387"}],"collection":[{"href":"http:\/\/avaluacio-ctic-test.recursos.uoc.edu\/index.php\/wp-json\/wp\/v2\/pages"}],"about":[{"href":"http:\/\/avaluacio-ctic-test.recursos.uoc.edu\/index.php\/wp-json\/wp\/v2\/types\/page"}],"author":[{"embeddable":true,"href":"http:\/\/avaluacio-ctic-test.recursos.uoc.edu\/index.php\/wp-json\/wp\/v2\/users\/1"}],"replies":[{"embeddable":true,"href":"http:\/\/avaluacio-ctic-test.recursos.uoc.edu\/index.php\/wp-json\/wp\/v2\/comments?post=387"}],"version-history":[{"count":3,"href":"http:\/\/avaluacio-ctic-test.recursos.uoc.edu\/index.php\/wp-json\/wp\/v2\/pages\/387\/revisions"}],"predecessor-version":[{"id":511,"href":"http:\/\/avaluacio-ctic-test.recursos.uoc.edu\/index.php\/wp-json\/wp\/v2\/pages\/387\/revisions\/511"}],"wp:attachment":[{"href":"http:\/\/avaluacio-ctic-test.recursos.uoc.edu\/index.php\/wp-json\/wp\/v2\/media?parent=387"}],"curies":[{"name":"wp","href":"https:\/\/api.w.org\/{rel}","templated":true}]}}