{"id":385,"date":"2018-11-22T14:03:10","date_gmt":"2018-11-22T12:03:10","guid":{"rendered":"http:\/\/avaluacio-ctic-test.recursos.uoc.edu\/?page_id=385"},"modified":"2019-01-02T11:53:24","modified_gmt":"2019-01-02T09:53:24","slug":"1-2-competencies","status":"publish","type":"page","link":"http:\/\/avaluacio-ctic-test.recursos.uoc.edu\/index.php\/1-2-competencies\/","title":{"rendered":"1.2. Compet\u00e8ncies"},"content":{"rendered":"<p>Amb la finalitat d\u2019emmarcar l\u2019avaluaci\u00f3, detallarem les compet\u00e8ncies que els estudiants han d\u2019assolir al llarg de l\u2019assignatura. Els <strong>objectius competencials espec\u00edfics<\/strong> de CTIC s\u00f3n els seg\u00fcents:<\/p>\n<ul>\n<li>Cerca i selecci\u00f3 d\u2019informaci\u00f3 a la xarxa.<\/li>\n<li>Tractament i elaboraci\u00f3 de la informaci\u00f3 digital.<\/li>\n<li>Presentaci\u00f3 i difusi\u00f3 de la informaci\u00f3 digital.<\/li>\n<li>Nocions de tecnologia digital.<\/li>\n<li>Planificaci\u00f3 del treball en un entorn virtual.<\/li>\n<li>Gesti\u00f3 d\u2019un projecte digital.<\/li>\n<li>Estrat\u00e8gies de comunicaci\u00f3 en xarxa.<\/li>\n<li>Treball en equip en xarxa.<\/li>\n<li>Actitud digital.<\/li>\n<\/ul>\n<figure id=\"attachment_377\" aria-describedby=\"caption-attachment-377\" style=\"width: 500px\" class=\"wp-caption aligncenter\"><a href=\"\/wp-content\/uploads\/2018\/11\/m1065_04.jpg\"><img loading=\"lazy\" class=\"wp-image-377 size-full\" src=\"\/wp-content\/uploads\/2018\/11\/m1065_04.jpg\" alt=\"\" width=\"500\" height=\"530\" srcset=\"\/wp-content\/uploads\/2018\/11\/m1065_04.jpg 500w, \/wp-content\/uploads\/2018\/11\/m1065_04-283x300.jpg 283w\" sizes=\"(max-width: 500px) 100vw, 500px\" \/><\/a><figcaption id=\"caption-attachment-377\" class=\"wp-caption-text\">Figura 3. Objectius competencials<\/figcaption><\/figure>\n<p>Aquestes compet\u00e8ncies no nom\u00e9s s\u2019orienten cap al coneixement i la utilitzaci\u00f3 d\u2019eines tecnol\u00f2giques, sin\u00f3 a la posada en pr\u00e0ctica les metodologies i les habilitats clau per a treballar en un entorn virtual.<\/p>\n","protected":false},"excerpt":{"rendered":"<p>Amb la finalitat d\u2019emmarcar l\u2019avaluaci\u00f3, detallarem les compet\u00e8ncies que els estudiants han d\u2019assolir al llarg de l\u2019assignatura. Els objectius competencials espec\u00edfics de CTIC s\u00f3n els seg\u00fcents: Cerca i selecci\u00f3 d\u2019informaci\u00f3 a la xarxa. Tractament i elaboraci\u00f3 de la informaci\u00f3 digital. Presentaci\u00f3 i difusi\u00f3 de la informaci\u00f3 digital. Nocions de tecnologia digital. Planificaci\u00f3 del treball en [&hellip;]<\/p>\n","protected":false},"author":1,"featured_media":0,"parent":0,"menu_order":0,"comment_status":"closed","ping_status":"closed","template":"","meta":[],"_links":{"self":[{"href":"http:\/\/avaluacio-ctic-test.recursos.uoc.edu\/index.php\/wp-json\/wp\/v2\/pages\/385"}],"collection":[{"href":"http:\/\/avaluacio-ctic-test.recursos.uoc.edu\/index.php\/wp-json\/wp\/v2\/pages"}],"about":[{"href":"http:\/\/avaluacio-ctic-test.recursos.uoc.edu\/index.php\/wp-json\/wp\/v2\/types\/page"}],"author":[{"embeddable":true,"href":"http:\/\/avaluacio-ctic-test.recursos.uoc.edu\/index.php\/wp-json\/wp\/v2\/users\/1"}],"replies":[{"embeddable":true,"href":"http:\/\/avaluacio-ctic-test.recursos.uoc.edu\/index.php\/wp-json\/wp\/v2\/comments?post=385"}],"version-history":[{"count":3,"href":"http:\/\/avaluacio-ctic-test.recursos.uoc.edu\/index.php\/wp-json\/wp\/v2\/pages\/385\/revisions"}],"predecessor-version":[{"id":510,"href":"http:\/\/avaluacio-ctic-test.recursos.uoc.edu\/index.php\/wp-json\/wp\/v2\/pages\/385\/revisions\/510"}],"wp:attachment":[{"href":"http:\/\/avaluacio-ctic-test.recursos.uoc.edu\/index.php\/wp-json\/wp\/v2\/media?parent=385"}],"curies":[{"name":"wp","href":"https:\/\/api.w.org\/{rel}","templated":true}]}}