{"id":323,"date":"2018-11-21T14:47:30","date_gmt":"2018-11-21T12:47:30","guid":{"rendered":"http:\/\/avaluacio-ctic-test.recursos.uoc.edu\/?page_id=323"},"modified":"2019-01-02T13:44:30","modified_gmt":"2019-01-02T11:44:30","slug":"2-3-5-valoracion-del-proyecto-de-otro-equipo","status":"publish","type":"page","link":"http:\/\/avaluacio-ctic-test.recursos.uoc.edu\/es\/index.php\/2-3-5-valoracion-del-proyecto-de-otro-equipo\/","title":{"rendered":"2.3.5. Valoraci\u00f3n del proyecto de otro equipo"},"content":{"rendered":"<p>Una vez finalizados los proyectos en la Pr\u00e1ctica Final, cada grupo presenta el proyecto digital en equipo realizado mediante un mensaje en el espacio de Debate de la Pr\u00e1ctica Final:<\/p>\n<figure id=\"attachment_257\" aria-describedby=\"caption-attachment-257\" style=\"width: 800px\" class=\"wp-caption aligncenter\"><a href=\"\/wp-content\/uploads\/2018\/11\/m1165_18.jpg\"><img loading=\"lazy\" class=\"wp-image-257 size-full\" src=\"\/wp-content\/uploads\/2018\/11\/m1165_18.jpg\" alt=\"\" width=\"800\" height=\"503\" srcset=\"\/wp-content\/uploads\/2018\/11\/m1165_18.jpg 800w, \/wp-content\/uploads\/2018\/11\/m1165_18-300x189.jpg 300w, \/wp-content\/uploads\/2018\/11\/m1165_18-768x483.jpg 768w\" sizes=\"(max-width: 800px) 100vw, 800px\" \/><\/a><figcaption id=\"caption-attachment-257\" class=\"wp-caption-text\">Figura 17. Mensaje de presentaci\u00f3n del proyecto digital en equipo en el Debate de la Pr\u00e1ctica Final<\/figcaption><\/figure>\n<p>El docente asigna un proyecto de forma individual a cada estudiante para que realice una lectura y una valoraci\u00f3n. <strong>Cada estudiante deber\u00e1 valorar el proyecto asignado<\/strong> enviando un mensaje al espacio de Debate, de forma que el estudiante <strong>realice una reflexi\u00f3n tanto sobre el proceso como acerca del resultado obtenido en el proyecto valorado<\/strong>. En su valoraci\u00f3n, los estudiantes han de tener en cuenta:<\/p>\n<ul>\n<li>Grado de inter\u00e9s y pertenencia al tema del proyecto.<\/li>\n<li>Calidad en la elaboraci\u00f3n y redacci\u00f3n de la informaci\u00f3n.<\/li>\n<li>Aplicabilidad del contenido, es decir, si se trata de un proyecto te\u00f3rico o que puede servir para algo en concreto.<\/li>\n<li>Presentaci\u00f3n\/formato: estructura general del proyecto y navegaci\u00f3n. Aspectos visuales y recursos empleados.<\/li>\n<li>Valoraci\u00f3n\/comentario sobre el proceso seguido, en funci\u00f3n de lo que se hace hincapi\u00e9 en el mensaje de presentaci\u00f3n del grupo, respondiendo si se cree oportuno todas o algunas de las preguntas planteadas.<\/li>\n<li>Tambi\u00e9n han de formular dudas o preguntas, sugerencias o propuestas, etc., en relaci\u00f3n con los contenidos, el formato o el proceso, y responder a las preguntas planteadas en la presentaci\u00f3n del grupo del que son lectores.<\/li>\n<\/ul>\n<figure id=\"attachment_258\" aria-describedby=\"caption-attachment-258\" style=\"width: 800px\" class=\"wp-caption aligncenter\"><a href=\"\/wp-content\/uploads\/2018\/11\/m1165_19.jpg\"><img loading=\"lazy\" class=\"wp-image-258 size-full\" src=\"\/wp-content\/uploads\/2018\/11\/m1165_19.jpg\" alt=\"\" width=\"800\" height=\"527\" srcset=\"\/wp-content\/uploads\/2018\/11\/m1165_19.jpg 800w, \/wp-content\/uploads\/2018\/11\/m1165_19-300x198.jpg 300w, \/wp-content\/uploads\/2018\/11\/m1165_19-768x506.jpg 768w\" sizes=\"(max-width: 800px) 100vw, 800px\" \/><\/a><figcaption id=\"caption-attachment-258\" class=\"wp-caption-text\">Figura 18. Mensaje de valoraci\u00f3n del proyecto asignado en el Debate de la Pr\u00e1ctica Final<\/figcaption><\/figure>\n<p>Una vez recibidas la valoraciones de todos los \u00ablectores\u00bb, cada grupo da respuesta a las valoraciones:<\/p>\n<figure id=\"attachment_259\" aria-describedby=\"caption-attachment-259\" style=\"width: 800px\" class=\"wp-caption aligncenter\"><a href=\"\/wp-content\/uploads\/2018\/11\/m1165_20.jpg\"><img loading=\"lazy\" class=\"wp-image-259 size-full\" src=\"\/wp-content\/uploads\/2018\/11\/m1165_20.jpg\" alt=\"\" width=\"800\" height=\"508\" srcset=\"\/wp-content\/uploads\/2018\/11\/m1165_20.jpg 800w, \/wp-content\/uploads\/2018\/11\/m1165_20-300x191.jpg 300w, \/wp-content\/uploads\/2018\/11\/m1165_20-768x488.jpg 768w\" sizes=\"(max-width: 800px) 100vw, 800px\" \/><\/a><figcaption id=\"caption-attachment-259\" class=\"wp-caption-text\">Figura 19. Mensaje de respuesta a la valoraci\u00f3n en el Debate de la Pr\u00e1ctica Final<\/figcaption><\/figure>\n<p>El objetivo de esta actividad no es realizar una cr\u00edtica de los compa\u00f1eros del aula y de sus proyectos, sino <strong>compartir con el resto del aula los trabajos realizados, para generar conocimiento y que este sea \u00fatil para todos los miembros del aula<\/strong>. Se ha de tener presente que la valoraci\u00f3n\/calificaci\u00f3n final es responsabilidad del docente. Por tanto, lo que se busca en esta actividad es que los estudiantes formulen preguntas y sugerencias sobre el tema analizado, es decir, que estas preguntas se basen en un <strong>an\u00e1lisis cr\u00edtico de los proyectos<\/strong>, haciendo menci\u00f3n tanto en el contenido como en el proceso grupal seguido, aspecto en el que se pueden basar seg\u00fan la experiencia que han tenido en su propio grupo.<\/p>\n<p>Esta actividad ofrece a los estudiantes la posibilidad de ver los proyectos desde otra perspectiva. Se trata de un proceso donde los estudiantes toman conciencia de lo que han hecho y los aspectos que pueden mejorar desde la mirada de los propios compa\u00f1eros. Por este motive, como actividades finales y de cierre de la asignatura, se proponen dos <strong>actividades individuales voluntarias<\/strong>, una valoraci\u00f3n final del debate realizado y las mejoras en el proyecto digital en equipo que se consideren necesarias. Esta vez de forma individual, al no ser una actividad obligatoria.<\/p>\n","protected":false},"excerpt":{"rendered":"<p>Una vez finalizados los proyectos en la Pr\u00e1ctica Final, cada grupo presenta el proyecto digital en equipo realizado mediante un mensaje en el espacio de Debate de la Pr\u00e1ctica Final: El docente asigna un proyecto de forma individual a cada estudiante para que realice una lectura y una valoraci\u00f3n. Cada estudiante deber\u00e1 valorar el proyecto [&hellip;]<\/p>\n","protected":false},"author":1,"featured_media":0,"parent":0,"menu_order":0,"comment_status":"closed","ping_status":"closed","template":"","meta":[],"_links":{"self":[{"href":"http:\/\/avaluacio-ctic-test.recursos.uoc.edu\/es\/index.php\/wp-json\/wp\/v2\/pages\/323"}],"collection":[{"href":"http:\/\/avaluacio-ctic-test.recursos.uoc.edu\/es\/index.php\/wp-json\/wp\/v2\/pages"}],"about":[{"href":"http:\/\/avaluacio-ctic-test.recursos.uoc.edu\/es\/index.php\/wp-json\/wp\/v2\/types\/page"}],"author":[{"embeddable":true,"href":"http:\/\/avaluacio-ctic-test.recursos.uoc.edu\/es\/index.php\/wp-json\/wp\/v2\/users\/1"}],"replies":[{"embeddable":true,"href":"http:\/\/avaluacio-ctic-test.recursos.uoc.edu\/es\/index.php\/wp-json\/wp\/v2\/comments?post=323"}],"version-history":[{"count":3,"href":"http:\/\/avaluacio-ctic-test.recursos.uoc.edu\/es\/index.php\/wp-json\/wp\/v2\/pages\/323\/revisions"}],"predecessor-version":[{"id":554,"href":"http:\/\/avaluacio-ctic-test.recursos.uoc.edu\/es\/index.php\/wp-json\/wp\/v2\/pages\/323\/revisions\/554"}],"wp:attachment":[{"href":"http:\/\/avaluacio-ctic-test.recursos.uoc.edu\/es\/index.php\/wp-json\/wp\/v2\/media?parent=323"}],"curies":[{"name":"wp","href":"https:\/\/api.w.org\/{rel}","templated":true}]}}