{"id":319,"date":"2018-11-21T14:43:30","date_gmt":"2018-11-21T12:43:30","guid":{"rendered":"http:\/\/avaluacio-ctic-test.recursos.uoc.edu\/?page_id=319"},"modified":"2019-01-02T13:43:21","modified_gmt":"2019-01-02T11:43:21","slug":"2-3-3-autoevaluacion","status":"publish","type":"page","link":"http:\/\/avaluacio-ctic-test.recursos.uoc.edu\/es\/index.php\/2-3-3-autoevaluacion\/","title":{"rendered":"2.3.3. Autoevaluaci\u00f3n"},"content":{"rendered":"<p>Con el objetivo de favorecer la reflexi\u00f3n sobre el proceso seguido en la asignatura, en la PEC3 el estudiante realiza una <strong>autoevaluaci\u00f3n<\/strong> mediante un <strong>formulario de Google<\/strong> que recoge los siguientes aspectos:<\/p>\n<ul>\n<li>Las competencias adquiridas a largo de las tres PEC.<\/li>\n<li>Una valoraci\u00f3n de su implicaci\u00f3n en el trabajo en equipo a lo largo de estas tres PEC, en cuanto a la interacci\u00f3n con el resto del grupo, la gesti\u00f3n e intercambio de la informaci\u00f3n, la planificaci\u00f3n y organizaci\u00f3n, y, finalmente, el desempe\u00f1o con las tareas y actitudes.<\/li>\n<li>La calificaci\u00f3n que se pondr\u00eda el propio estudiante como nota final de las tres PEC argumentando su respuesta.<\/li>\n<\/ul>\n<p>El uso de esta aplicaci\u00f3n en l\u00ednea facilita al docente la recopilaci\u00f3n y el tratamiento posterior de toda la informaci\u00f3n. El peso de esta actividad en la calificaci\u00f3n es relativo; no es decisivo en la calificaci\u00f3n final del estudiante, pero puede ayudar al profesor colaborador a perfilar esta calificaci\u00f3n. Solo se exige su realizaci\u00f3n de forma obligatoria.<\/p>\n<figure id=\"attachment_255\" aria-describedby=\"caption-attachment-255\" style=\"width: 600px\" class=\"wp-caption aligncenter\"><a href=\"\/wp-content\/uploads\/2018\/11\/m1165_16.jpg\"><img loading=\"lazy\" class=\"wp-image-255 size-full\" src=\"\/wp-content\/uploads\/2018\/11\/m1165_16.jpg\" alt=\"\" width=\"600\" height=\"571\" srcset=\"\/wp-content\/uploads\/2018\/11\/m1165_16.jpg 600w, \/wp-content\/uploads\/2018\/11\/m1165_16-300x286.jpg 300w\" sizes=\"(max-width: 600px) 100vw, 600px\" \/><\/a><figcaption id=\"caption-attachment-255\" class=\"wp-caption-text\">Figura 15. Formulario de autoevaluaci\u00f3n PEC3<\/figcaption><\/figure>\n","protected":false},"excerpt":{"rendered":"<p>Con el objetivo de favorecer la reflexi\u00f3n sobre el proceso seguido en la asignatura, en la PEC3 el estudiante realiza una autoevaluaci\u00f3n mediante un formulario de Google que recoge los siguientes aspectos: Las competencias adquiridas a largo de las tres PEC. Una valoraci\u00f3n de su implicaci\u00f3n en el trabajo en equipo a lo largo de [&hellip;]<\/p>\n","protected":false},"author":1,"featured_media":0,"parent":0,"menu_order":0,"comment_status":"closed","ping_status":"closed","template":"","meta":[],"_links":{"self":[{"href":"http:\/\/avaluacio-ctic-test.recursos.uoc.edu\/es\/index.php\/wp-json\/wp\/v2\/pages\/319"}],"collection":[{"href":"http:\/\/avaluacio-ctic-test.recursos.uoc.edu\/es\/index.php\/wp-json\/wp\/v2\/pages"}],"about":[{"href":"http:\/\/avaluacio-ctic-test.recursos.uoc.edu\/es\/index.php\/wp-json\/wp\/v2\/types\/page"}],"author":[{"embeddable":true,"href":"http:\/\/avaluacio-ctic-test.recursos.uoc.edu\/es\/index.php\/wp-json\/wp\/v2\/users\/1"}],"replies":[{"embeddable":true,"href":"http:\/\/avaluacio-ctic-test.recursos.uoc.edu\/es\/index.php\/wp-json\/wp\/v2\/comments?post=319"}],"version-history":[{"count":2,"href":"http:\/\/avaluacio-ctic-test.recursos.uoc.edu\/es\/index.php\/wp-json\/wp\/v2\/pages\/319\/revisions"}],"predecessor-version":[{"id":552,"href":"http:\/\/avaluacio-ctic-test.recursos.uoc.edu\/es\/index.php\/wp-json\/wp\/v2\/pages\/319\/revisions\/552"}],"wp:attachment":[{"href":"http:\/\/avaluacio-ctic-test.recursos.uoc.edu\/es\/index.php\/wp-json\/wp\/v2\/media?parent=319"}],"curies":[{"name":"wp","href":"https:\/\/api.w.org\/{rel}","templated":true}]}}