{"id":302,"date":"2018-11-21T13:53:09","date_gmt":"2018-11-21T11:53:09","guid":{"rendered":"http:\/\/avaluacio-ctic-test.recursos.uoc.edu\/?page_id=302"},"modified":"2019-01-02T13:29:49","modified_gmt":"2019-01-02T11:29:49","slug":"2-1-introduccion","status":"publish","type":"page","link":"http:\/\/avaluacio-ctic-test.recursos.uoc.edu\/es\/index.php\/2-1-introduccion\/","title":{"rendered":"2.1. Introducci\u00f3n"},"content":{"rendered":"<p>Todos los agentes del proceso de ense\u00f1anza-aprendizaje de CTIC participan de forma activa en el proceso de evaluaci\u00f3n.<\/p>\n<figure id=\"attachment_270\" aria-describedby=\"caption-attachment-270\" style=\"width: 450px\" class=\"wp-caption aligncenter\"><a href=\"\/wp-content\/uploads\/2018\/11\/m1165_08.jpg\"><img loading=\"lazy\" class=\"wp-image-270 size-full\" src=\"\/wp-content\/uploads\/2018\/11\/m1165_08.jpg\" alt=\"\" width=\"450\" height=\"391\" srcset=\"\/wp-content\/uploads\/2018\/11\/m1165_08.jpg 450w, \/wp-content\/uploads\/2018\/11\/m1165_08-300x261.jpg 300w\" sizes=\"(max-width: 450px) 100vw, 450px\" \/><\/a><figcaption id=\"caption-attachment-270\" class=\"wp-caption-text\">Figura 7. Agentes que intervienen en el proceso de evaluaci\u00f3n en CTIC<\/figcaption><\/figure>\n<p>El <strong>docente<\/strong> desarrolla un papel clave en el proceso de evaluaci\u00f3n. Se convierte en el eje principal del <em>feedback<\/em> de la tarea grupal e individual de los estudiantes.<\/p>\n<p>El <strong>estudiante<\/strong> participa en la evaluaci\u00f3n como miembro del grupo, pero tambi\u00e9n de manera individual realizando tanto su autoevaluaci\u00f3n como la evaluaci\u00f3n de sus compa\u00f1eros (coevaluaci\u00f3n).<\/p>\n<p>El <strong>equipo<\/strong> contribuye al proceso de evaluaci\u00f3n reflexionando sobre su propia tarea a medida que se desarrolla la din\u00e1mica colaborativa.<\/p>\n<p>A continuaci\u00f3n, para entender mejor este proceso de evaluaci\u00f3n, analizaremos estos actores:<\/p>\n<ul>\n<li>el <strong>docente;<\/strong><\/li>\n<li>el <strong>estudiante;<\/strong><\/li>\n<li>el<strong> equipo<\/strong>,<\/li>\n<\/ul>\n<p>concretando los <strong>espacios<\/strong> <strong>donde se realiza la e-evaluaci\u00f3n<\/strong>.<\/p>\n","protected":false},"excerpt":{"rendered":"<p>Todos los agentes del proceso de ense\u00f1anza-aprendizaje de CTIC participan de forma activa en el proceso de evaluaci\u00f3n. El docente desarrolla un papel clave en el proceso de evaluaci\u00f3n. Se convierte en el eje principal del feedback de la tarea grupal e individual de los estudiantes. El estudiante participa en la evaluaci\u00f3n como miembro del [&hellip;]<\/p>\n","protected":false},"author":1,"featured_media":0,"parent":0,"menu_order":0,"comment_status":"closed","ping_status":"closed","template":"","meta":[],"_links":{"self":[{"href":"http:\/\/avaluacio-ctic-test.recursos.uoc.edu\/es\/index.php\/wp-json\/wp\/v2\/pages\/302"}],"collection":[{"href":"http:\/\/avaluacio-ctic-test.recursos.uoc.edu\/es\/index.php\/wp-json\/wp\/v2\/pages"}],"about":[{"href":"http:\/\/avaluacio-ctic-test.recursos.uoc.edu\/es\/index.php\/wp-json\/wp\/v2\/types\/page"}],"author":[{"embeddable":true,"href":"http:\/\/avaluacio-ctic-test.recursos.uoc.edu\/es\/index.php\/wp-json\/wp\/v2\/users\/1"}],"replies":[{"embeddable":true,"href":"http:\/\/avaluacio-ctic-test.recursos.uoc.edu\/es\/index.php\/wp-json\/wp\/v2\/comments?post=302"}],"version-history":[{"count":2,"href":"http:\/\/avaluacio-ctic-test.recursos.uoc.edu\/es\/index.php\/wp-json\/wp\/v2\/pages\/302\/revisions"}],"predecessor-version":[{"id":544,"href":"http:\/\/avaluacio-ctic-test.recursos.uoc.edu\/es\/index.php\/wp-json\/wp\/v2\/pages\/302\/revisions\/544"}],"wp:attachment":[{"href":"http:\/\/avaluacio-ctic-test.recursos.uoc.edu\/es\/index.php\/wp-json\/wp\/v2\/media?parent=302"}],"curies":[{"name":"wp","href":"https:\/\/api.w.org\/{rel}","templated":true}]}}