{"id":289,"date":"2018-11-21T13:08:56","date_gmt":"2018-11-21T11:08:56","guid":{"rendered":"http:\/\/avaluacio-ctic-test.recursos.uoc.edu\/?page_id=289"},"modified":"2019-01-02T13:22:41","modified_gmt":"2019-01-02T11:22:41","slug":"1-3-metodologia","status":"publish","type":"page","link":"http:\/\/avaluacio-ctic-test.recursos.uoc.edu\/es\/index.php\/1-3-metodologia\/","title":{"rendered":"1.3. Metodolog\u00eda"},"content":{"rendered":"<p>De acuerdo con la metodolog\u00eda del <strong>trabajo por proyectos<\/strong>, en funci\u00f3n de las <strong>competencias<\/strong> que se deben alcanzar y del medio en el que se desarrolla, el <strong>virtual<\/strong>, la asignatura de Competencias TIC se desarrolla en <strong>cuatro fases<\/strong> vinculadas entre si\u0301: <strong>inicio<\/strong>, <strong>estructuraci\u00f3n<\/strong>, <strong>desarrollo<\/strong> y<strong> cierre y difusi\u00f3n<\/strong>.<\/p>\n<figure id=\"attachment_251\" aria-describedby=\"caption-attachment-251\" style=\"width: 524px\" class=\"wp-caption aligncenter\"><a href=\"\/wp-content\/uploads\/2018\/11\/m1165_05.jpg\"><img loading=\"lazy\" class=\"wp-image-251 size-full\" src=\"\/wp-content\/uploads\/2018\/11\/m1165_05.jpg\" alt=\"\" width=\"524\" height=\"506\" srcset=\"\/wp-content\/uploads\/2018\/11\/m1165_05.jpg 524w, \/wp-content\/uploads\/2018\/11\/m1165_05-300x290.jpg 300w\" sizes=\"(max-width: 524px) 100vw, 524px\" \/><\/a><figcaption id=\"caption-attachment-251\" class=\"wp-caption-text\">Figura 4. Fases del proyecto digital en equipo<\/figcaption><\/figure>\n<p>Adem\u00e1s de los procesos vinculados a cada fase, hay dos elementos transversales que ayudan el desarrollo del proyecto digital en equipo: la<strong> planificaci\u00f3n del trabajo en equipo<\/strong> y la <strong>valoraci\u00f3n del propio proceso<\/strong>.<\/p>\n<p>El seguimiento de estas cuatro fases conduce a la elaboraci\u00f3n de un <strong>proyecto digital en equipo<\/strong>:<\/p>\n<ol>\n<li>La <strong>fase de inicio<\/strong> proporciona el entorno para crear los equipos de trabajo y realizar las primeras b\u00fasquedas para concretar el tema del proyecto.<\/li>\n<li>En el marco de la <strong>segunda fase<\/strong>, se profundiza en la b\u00fasqueda de informaci\u00f3n para estructurar el proyecto.<\/li>\n<li>La <strong>tercera fase<\/strong> se orienta a desarrollarlo, es decir, tratar la informaci\u00f3n recogida y elaborarla. Con este paso, se consigue una primera versi\u00f3n del proyecto.<\/li>\n<li>Finalmente, en la <strong>cuarta fase<\/strong> se realiza el cierre y la difusi\u00f3n del proyecto, compartiendo y discutiendo con los compa\u00f1eros del aula su versi\u00f3n definitiva.<\/li>\n<\/ol>\n","protected":false},"excerpt":{"rendered":"<p>De acuerdo con la metodolog\u00eda del trabajo por proyectos, en funci\u00f3n de las competencias que se deben alcanzar y del medio en el que se desarrolla, el virtual, la asignatura de Competencias TIC se desarrolla en cuatro fases vinculadas entre si\u0301: inicio, estructuraci\u00f3n, desarrollo y cierre y difusi\u00f3n. Adem\u00e1s de los procesos vinculados a cada [&hellip;]<\/p>\n","protected":false},"author":1,"featured_media":0,"parent":0,"menu_order":0,"comment_status":"closed","ping_status":"closed","template":"","meta":[],"_links":{"self":[{"href":"http:\/\/avaluacio-ctic-test.recursos.uoc.edu\/es\/index.php\/wp-json\/wp\/v2\/pages\/289"}],"collection":[{"href":"http:\/\/avaluacio-ctic-test.recursos.uoc.edu\/es\/index.php\/wp-json\/wp\/v2\/pages"}],"about":[{"href":"http:\/\/avaluacio-ctic-test.recursos.uoc.edu\/es\/index.php\/wp-json\/wp\/v2\/types\/page"}],"author":[{"embeddable":true,"href":"http:\/\/avaluacio-ctic-test.recursos.uoc.edu\/es\/index.php\/wp-json\/wp\/v2\/users\/1"}],"replies":[{"embeddable":true,"href":"http:\/\/avaluacio-ctic-test.recursos.uoc.edu\/es\/index.php\/wp-json\/wp\/v2\/comments?post=289"}],"version-history":[{"count":3,"href":"http:\/\/avaluacio-ctic-test.recursos.uoc.edu\/es\/index.php\/wp-json\/wp\/v2\/pages\/289\/revisions"}],"predecessor-version":[{"id":536,"href":"http:\/\/avaluacio-ctic-test.recursos.uoc.edu\/es\/index.php\/wp-json\/wp\/v2\/pages\/289\/revisions\/536"}],"wp:attachment":[{"href":"http:\/\/avaluacio-ctic-test.recursos.uoc.edu\/es\/index.php\/wp-json\/wp\/v2\/media?parent=289"}],"curies":[{"name":"wp","href":"https:\/\/api.w.org\/{rel}","templated":true}]}}